{"id":80,"date":"2024-01-30T17:40:18","date_gmt":"2024-01-30T16:40:18","guid":{"rendered":"https:\/\/websites.fraunhofer.de\/eine-gesellschaftsfrage\/?page_id=80"},"modified":"2024-09-12T13:54:14","modified_gmt":"2024-09-12T11:54:14","slug":"projektbeschreibung","status":"publish","type":"page","link":"https:\/\/eine-gesellschaftsfrage.de\/oberhausen\/projektbeschreibung\/","title":{"rendered":"Projektbeschreibung"},"content":{"rendered":"<div class=\"wp-block-image\">\n<figure class=\"aligncenter size-full\"><img decoding=\"async\" width=\"1680\" height=\"500\" src=\"https:\/\/eine-gesellschaftsfrage.de\/wp-content\/uploads\/2024\/02\/Projektbeschreibung-Bild-4.jpg\" alt=\"\" class=\"wp-image-971\" style=\"object-fit:cover\" srcset=\"https:\/\/eine-gesellschaftsfrage.de\/wp-content\/uploads\/2024\/02\/Projektbeschreibung-Bild-4.jpg 1680w, https:\/\/eine-gesellschaftsfrage.de\/wp-content\/uploads\/2024\/02\/Projektbeschreibung-Bild-4-300x89.jpg 300w, https:\/\/eine-gesellschaftsfrage.de\/wp-content\/uploads\/2024\/02\/Projektbeschreibung-Bild-4-1024x305.jpg 1024w, https:\/\/eine-gesellschaftsfrage.de\/wp-content\/uploads\/2024\/02\/Projektbeschreibung-Bild-4-768x229.jpg 768w, https:\/\/eine-gesellschaftsfrage.de\/wp-content\/uploads\/2024\/02\/Projektbeschreibung-Bild-4-1536x457.jpg 1536w\" sizes=\"(max-width: 1680px) 100vw, 1680px\" \/><\/figure>\n<\/div>\n\n\n<h2 class=\"wp-block-heading\">Energie zuhause<\/h2>\n\n\n\n<div class=\"wp-block-columns is-layout-flex wp-container-core-columns-is-layout-9d6595d7 wp-block-columns-is-layout-flex\">\n<div class=\"wp-block-column is-layout-flow wp-block-column-is-layout-flow\">\n<div style=\"height:3px\" aria-hidden=\"true\" class=\"wp-block-spacer\"><\/div>\n\n\n\n<p>Strom und W\u00e4rme sollen zuk\u00fcnftig komplett aus erneuerbaren Energiequellen stammen, z.B. aus Sonne, Wind oder Wasser. Viele Menschen beteiligen sich an diesem Umbau. Sie investieren in eigene Photovoltaik-Anlagen, suchen nach Alternativen zu \u00d6l- und Gasheizungen oder wechseln den Energieanbieter. Auch Energiesparen im Alltag ist ein wertvoller Beitr\u00e4ge zu mehr Klimaschutz. Der Hebel im Bereich der Privathaushalte ist gro\u00df: Im Jahr 2021 haben sie rund 30 % des Prim\u00e4renergiebedarfs in Deutschland verbraucht (Quelle: Statistisches Bundesamt 2021, Umwelt\u00f6konomische Gesamtrechnungen, Energiegesamtrechnung). Der hohe Verbrauch zeigt, wie wichtig es ist, dass sich alle Menschen an der Energiewende beteiligen.<\/p>\n<\/div>\n\n\n\n<div class=\"wp-block-column is-layout-flow wp-block-column-is-layout-flow\">\n<h4 class=\"wp-block-heading\">Was bedeutet \u00bbEnergiewende\u00ab f\u00fcr die Menschen in Oberhausen?<\/h4>\n\n\n\n<p>W\u00e4hrend die Einen <strong>#Verantwortung<\/strong>&nbsp;f\u00fcr sich, Ihre Familie oder die Gesellschaft \u00fcbernehmen wollen, steht f\u00fcr die Anderen&nbsp;die <strong>#Gemeinschaft<\/strong> an erster Stelle.&nbsp;Neue <strong>#Technologie<\/strong> erm\u00f6glicht eine effiziente Nutzung von Strom und W\u00e4rme. Mit den richtigen Tools gehen viele Menschen daher gerne die Energiewende an. Vielleicht fehlt die gute L\u00f6sung zur Energiewende aber auch noch und wir brauchen Menschen, die <strong>#Neue Ideen<\/strong> und Kreativit\u00e4t einbringen.<\/p>\n<\/div>\n\n\n\n<div class=\"wp-block-column is-layout-flow wp-block-column-is-layout-flow\">\n<h4 class=\"wp-block-heading\">Von Energiesparen bis Umbau:\u00a0<\/h4>\n\n\n\n<p>Das Projekt nimmt an, dass eine erfolgreiche Energiewende neben technischen Ans\u00e4tzen ein Umdenken bei der individuellen Energienutzung braucht. Durch unsere Forschung wollen wir verstehen, wie die verschiedenen Lebenswelten und Emotionen der Oberhausener B\u00fcrgerinnen und B\u00fcrger mit einer Beteiligung an der Energiewende zusammenh\u00e4ngen.   <\/p>\n\n\n\n<p>Erfahren Sie hier, wo wir in Oberhausen unterwegs sind und welche <a href=\"https:\/\/eine-gesellschaftsfrage.de\/?page_id=62\" data-type=\"page\" data-id=\"62\">Mitmach-M\u00f6glichkeiten<\/a> es gibt.<\/p>\n<\/div>\n<\/div>\n\n\n\n<h2 class=\"wp-block-heading\">ZidiNaKo<\/h2>\n\n\n\n<div class=\"wp-block-columns is-layout-flex wp-container-core-columns-is-layout-9d6595d7 wp-block-columns-is-layout-flex\">\n<div class=\"wp-block-column is-layout-flow wp-block-column-is-layout-flow\" style=\"flex-basis:75%\">\n<p>Forschungsziel des Projekts \u00bbZidiNaKo\u00ab ist, dass sich mehr Privathaushalte in Oberhausen an der Energiewende beteiligen und die Menschen dabei st\u00e4rker  in ihrem Alltag abgeholt werden.&nbsp;Der Forschungsverbund bestehend aus der <a href=\"https:\/\/www.fernuni-hagen.de\/\">FernUniversit\u00e4t in Hagen<\/a> und der <a href=\"https:\/\/www.evo-energie.de\/\">Energieversorgung Oberhausen AG (evo)<\/a> unter der Projektgesamtleitung von <a href=\"https:\/\/www.umsicht.fraunhofer.de\/\">Fraunhofer UMSICHT<\/a>. Unterst\u00fctzt wird das Konsortium von der Handwerkskammer D\u00fcsseldorf und der Verbraucherzentrale NRW. Das Projekt ist am 1. M\u00e4rz 2023 gestartet und wird \u00fcber eine Laufzeit von drei Jahren vom Bundesministerium f\u00fcr Wirtschaft und Klimaschutz gef\u00f6rdert.<\/p>\n\n\n\n<p>Weitere Fragen zu dem Projekt? Kontaktieren Sie <a href=\"https:\/\/eine-gesellschaftsfrage.de\/kontakt\/\" data-type=\"page\" data-id=\"84\">hier<\/a> die Verbundpartner.<\/p>\n<\/div>\n\n\n\n<div class=\"wp-block-column is-layout-flow wp-block-column-is-layout-flow\" style=\"flex-basis:25%\">\n<figure class=\"wp-block-image size-large\"><img decoding=\"async\" width=\"1024\" height=\"1024\" src=\"https:\/\/eine-gesellschaftsfrage.de\/wp-content\/uploads\/2024\/02\/ZidiNaKo-some-1024x1024.jpg\" alt=\"\" class=\"wp-image-726\" srcset=\"https:\/\/eine-gesellschaftsfrage.de\/wp-content\/uploads\/2024\/02\/ZidiNaKo-some-1024x1024.jpg 1024w, https:\/\/eine-gesellschaftsfrage.de\/wp-content\/uploads\/2024\/02\/ZidiNaKo-some-300x300.jpg 300w, https:\/\/eine-gesellschaftsfrage.de\/wp-content\/uploads\/2024\/02\/ZidiNaKo-some-150x150.jpg 150w, https:\/\/eine-gesellschaftsfrage.de\/wp-content\/uploads\/2024\/02\/ZidiNaKo-some-768x768.jpg 768w, https:\/\/eine-gesellschaftsfrage.de\/wp-content\/uploads\/2024\/02\/ZidiNaKo-some.jpg 1200w\" sizes=\"(max-width: 1024px) 100vw, 1024px\" \/><\/figure>\n<\/div>\n<\/div>\n\n\n\n<hr class=\"wp-block-separator has-text-color has-cyan-bluish-gray-color has-alpha-channel-opacity has-cyan-bluish-gray-background-color has-background is-style-default\"\/>\n\n\n\n<div class=\"wp-block-columns is-layout-flex wp-container-core-columns-is-layout-9d6595d7 wp-block-columns-is-layout-flex\">\n<div class=\"wp-block-column is-layout-flow wp-block-column-is-layout-flow\" style=\"flex-basis:75%\">\n<h6 class=\"wp-block-heading\" style=\"text-transform:none\">Projektpartner<\/h6>\n\n\n\n<div style=\"height:30px\" aria-hidden=\"true\" class=\"wp-block-spacer\"><\/div>\n\n\n\n<div class=\"wp-block-columns are-vertically-aligned-center is-layout-flex wp-container-core-columns-is-layout-9d6595d7 wp-block-columns-is-layout-flex\">\n<div class=\"wp-block-column is-vertically-aligned-center is-layout-flow wp-block-column-is-layout-flow\" style=\"flex-basis:35%\"><div class=\"wp-block-image\">\n<figure class=\"aligncenter size-full is-resized\"><img decoding=\"async\" width=\"332\" height=\"109\" src=\"https:\/\/eine-gesellschaftsfrage.de\/wp-content\/uploads\/2024\/02\/Fraunhofer-UMSICHT_Logo_335px-2.png\" alt=\"\" class=\"wp-image-493\" style=\"width:174px;height:auto\" srcset=\"https:\/\/eine-gesellschaftsfrage.de\/wp-content\/uploads\/2024\/02\/Fraunhofer-UMSICHT_Logo_335px-2.png 332w, https:\/\/eine-gesellschaftsfrage.de\/wp-content\/uploads\/2024\/02\/Fraunhofer-UMSICHT_Logo_335px-2-300x98.png 300w\" sizes=\"(max-width: 332px) 100vw, 332px\" \/><\/figure>\n<\/div><\/div>\n\n\n\n<div class=\"wp-block-column is-vertically-aligned-center is-layout-flow wp-block-column-is-layout-flow\" style=\"flex-basis:35%\"><div class=\"wp-block-image\">\n<figure class=\"aligncenter size-full is-resized\"><img decoding=\"async\" src=\"https:\/\/eine-gesellschaftsfrage.de\/wp-content\/uploads\/2024\/02\/logo_fernuni_hagen.svg\" alt=\"\" class=\"wp-image-484\" style=\"width:220px;height:auto\"\/><\/figure>\n<\/div><\/div>\n\n\n\n<div class=\"wp-block-column is-vertically-aligned-center is-layout-flow wp-block-column-is-layout-flow\" style=\"flex-basis:30%\"><div class=\"wp-block-image\">\n<figure class=\"aligncenter size-full is-resized\"><img decoding=\"async\" width=\"2000\" height=\"700\" src=\"https:\/\/eine-gesellschaftsfrage.de\/wp-content\/uploads\/2024\/02\/R.png\" alt=\"\" class=\"wp-image-498\" style=\"width:157px;height:auto\" srcset=\"https:\/\/eine-gesellschaftsfrage.de\/wp-content\/uploads\/2024\/02\/R.png 2000w, https:\/\/eine-gesellschaftsfrage.de\/wp-content\/uploads\/2024\/02\/R-300x105.png 300w, https:\/\/eine-gesellschaftsfrage.de\/wp-content\/uploads\/2024\/02\/R-1024x358.png 1024w, https:\/\/eine-gesellschaftsfrage.de\/wp-content\/uploads\/2024\/02\/R-768x269.png 768w, https:\/\/eine-gesellschaftsfrage.de\/wp-content\/uploads\/2024\/02\/R-1536x538.png 1536w\" sizes=\"(max-width: 2000px) 100vw, 2000px\" \/><\/figure>\n<\/div><\/div>\n<\/div>\n<\/div>\n\n\n\n<div class=\"wp-block-column is-layout-flow wp-block-column-is-layout-flow\" style=\"flex-basis:25%\">\n<figure class=\"wp-block-image size-full is-resized\"><img decoding=\"async\" width=\"800\" height=\"663\" src=\"https:\/\/eine-gesellschaftsfrage.de\/wp-content\/uploads\/2026\/02\/BMWE-Logo.png\" alt=\"\" class=\"wp-image-3640\" style=\"aspect-ratio:1.2066430710590799;width:192px;height:auto\" srcset=\"https:\/\/eine-gesellschaftsfrage.de\/wp-content\/uploads\/2026\/02\/BMWE-Logo.png 800w, https:\/\/eine-gesellschaftsfrage.de\/wp-content\/uploads\/2026\/02\/BMWE-Logo-300x249.png 300w, https:\/\/eine-gesellschaftsfrage.de\/wp-content\/uploads\/2026\/02\/BMWE-Logo-768x636.png 768w\" sizes=\"(max-width: 800px) 100vw, 800px\" \/><\/figure>\n<\/div>\n<\/div>\n","protected":false},"excerpt":{"rendered":"<p>Energie zuhause Strom und W\u00e4rme sollen zuk\u00fcnftig komplett aus erneuerbaren Energiequellen stammen, z.B. aus Sonne, Wind oder Wasser. Viele Menschen beteiligen sich an diesem Umbau. Sie investieren in eigene Photovoltaik-Anlagen, suchen nach Alternativen zu \u00d6l- und Gasheizungen oder wechseln den&#8230;<\/p>\n","protected":false},"author":3,"featured_media":0,"parent":0,"menu_order":0,"comment_status":"closed","ping_status":"closed","template":"page-fullwidth.php","meta":{"_acf_changed":false,"footnotes":""},"coauthors":[2],"class_list":["post-80","page","type-page","status-publish","hentry"],"acf":[],"_links":{"self":[{"href":"https:\/\/eine-gesellschaftsfrage.de\/oberhausen\/wp-json\/wp\/v2\/pages\/80","targetHints":{"allow":["GET"]}}],"collection":[{"href":"https:\/\/eine-gesellschaftsfrage.de\/oberhausen\/wp-json\/wp\/v2\/pages"}],"about":[{"href":"https:\/\/eine-gesellschaftsfrage.de\/oberhausen\/wp-json\/wp\/v2\/types\/page"}],"author":[{"embeddable":true,"href":"https:\/\/eine-gesellschaftsfrage.de\/oberhausen\/wp-json\/wp\/v2\/users\/3"}],"replies":[{"embeddable":true,"href":"https:\/\/eine-gesellschaftsfrage.de\/oberhausen\/wp-json\/wp\/v2\/comments?post=80"}],"version-history":[{"count":10,"href":"https:\/\/eine-gesellschaftsfrage.de\/oberhausen\/wp-json\/wp\/v2\/pages\/80\/revisions"}],"predecessor-version":[{"id":2778,"href":"https:\/\/eine-gesellschaftsfrage.de\/oberhausen\/wp-json\/wp\/v2\/pages\/80\/revisions\/2778"}],"wp:attachment":[{"href":"https:\/\/eine-gesellschaftsfrage.de\/oberhausen\/wp-json\/wp\/v2\/media?parent=80"}],"wp:term":[{"taxonomy":"author","embeddable":true,"href":"https:\/\/eine-gesellschaftsfrage.de\/oberhausen\/wp-json\/wp\/v2\/coauthors?post=80"}],"curies":[{"name":"wp","href":"https:\/\/api.w.org\/{rel}","templated":true}]}}