{"id":84,"date":"2024-01-30T18:00:58","date_gmt":"2024-01-30T17:00:58","guid":{"rendered":"https:\/\/websites.fraunhofer.de\/eine-gesellschaftsfrage\/?page_id=84"},"modified":"2024-12-09T10:41:10","modified_gmt":"2024-12-09T09:41:10","slug":"kontakt","status":"publish","type":"page","link":"https:\/\/eine-gesellschaftsfrage.de\/oberhausen\/kontakt\/","title":{"rendered":"Kontakt"},"content":{"rendered":"\n<div class=\"wp-block-columns is-layout-flex wp-container-core-columns-is-layout-9d6595d7 wp-block-columns-is-layout-flex\">\n<div class=\"wp-block-column is-layout-flow wp-block-column-is-layout-flow\" style=\"flex-basis:45%\">\n<h2 class=\"wp-block-heading\">Interesse geweckt?<\/h2>\n\n\n\n<p>Sie m\u00f6chten allgemein mehr \u00fcber das Projekt wissen? <br>Dann melden Sie sich bei uns, um Informationen \u00fcber geplante Workshops und weitere Aktionen zu erhalten.<\/p>\n\n\n\n<div class=\"wp-block-contact-form-7-contact-form-selector\">\n<div class=\"wpcf7 no-js\" id=\"wpcf7-f4-o1\" lang=\"de-DE\" dir=\"ltr\" data-wpcf7-id=\"4\">\n<div class=\"screen-reader-response\"><p role=\"status\" aria-live=\"polite\" aria-atomic=\"true\"><\/p> <ul><\/ul><\/div>\n<form action=\"\/oberhausen\/wp-json\/wp\/v2\/pages\/84#wpcf7-f4-o1\" method=\"post\" class=\"wpcf7-form init\" aria-label=\"Kontaktformular\" novalidate=\"novalidate\" data-status=\"init\">\n<fieldset class=\"hidden-fields-container\"><input type=\"hidden\" name=\"_wpcf7\" value=\"4\" \/><input type=\"hidden\" name=\"_wpcf7_version\" value=\"6.1.5\" \/><input type=\"hidden\" name=\"_wpcf7_locale\" value=\"de_DE\" \/><input type=\"hidden\" name=\"_wpcf7_unit_tag\" value=\"wpcf7-f4-o1\" \/><input type=\"hidden\" name=\"_wpcf7_container_post\" value=\"0\" \/><input type=\"hidden\" name=\"_wpcf7_posted_data_hash\" value=\"\" \/>\n<\/fieldset>\n<label> Name\n    <div class=\"form-group your-name\"><input class=\"wpcf7-form-control wpcf7-text wpcf7-validates-as-required form-control\" name=\"your-name\" type=\"text\" value=\"\" aria-invalid=\"false\" aria-required=\"true\" required><\/div> <\/label>\n\n<label> E-Mail-Adresse\n    <div class=\"form-group your-email\"><input class=\"wpcf7-form-control wpcf7-email wpcf7-validates-as-required wpcf7-text wpcf7-validates-as-email form-control\" name=\"your-email\" type=\"email\" value=\"\" aria-invalid=\"false\" aria-required=\"true\" required><\/div> <\/label>\n\n<label> Thema\n    <div class=\"form-group your-subject\"><input class=\"wpcf7-form-control wpcf7-text wpcf7-validates-as-required form-control\" name=\"your-subject\" type=\"text\" value=\"\" aria-invalid=\"false\" aria-required=\"true\" required><\/div> <\/label>\n\n<label> Nachricht\n    <div class=\"form-group your-message\"><textarea class=\"wpcf7-form-control wpcf7-textarea form-control\" name=\"your-message\" rows=\"4\" aria-invalid=\"false\"><\/textarea><\/div> <\/label>\n\n<div class=\"form-group Zahlenquiz\"><p class=\"wpcf7-quiz-label\">9+3=<\/p><input type=\"hidden\" name=\"_wpcf7_quiz_answer_Zahlenquiz\" value=\"2c02c695b0fbeaf544120832a4f6a35b\"><input class=\"wpcf7-form-control wpcf7-quiz Zahlenquiz form-control\" id=\"Zahlenquiz\" name=\"Zahlenquiz\" type=\"text\" value=\"\" aria-invalid=\"false\"><\/div>\n\n<div class=\"form-group\"><div><input class=\"wpcf7-form-control wpcf7-submit btn btn-primary\" type=\"submit\" value=\"Senden\"><\/div><\/div><div class=\"wpcf7-response-output alert alert-warning\"><\/div>\n<\/form>\n<\/div>\n<\/div>\n<\/div>\n\n\n\n<div class=\"wp-block-column is-layout-flow wp-block-column-is-layout-flow\" style=\"flex-basis:5%\"><\/div>\n\n\n\n<div class=\"wp-block-column is-layout-flow wp-block-column-is-layout-flow\" style=\"flex-basis:45%\">\n<div style=\"height:42px\" aria-hidden=\"true\" class=\"wp-block-spacer\"><\/div>\n\n\n\n<h3 class=\"wp-block-heading\">Projektansprechpartner<\/h3>\n\n\n\n<p>Sie haben Frage oder Anmerkungen? <br>Schreiben Sie gerne eine Mail an die jeweilige Ansprechperson. <\/p>\n\n\n\n<div class=\"wp-block-media-text has-media-on-the-right is-stacked-on-mobile\" style=\"grid-template-columns:auto 33%\"><div class=\"wp-block-media-text__content\">\n<h5 class=\"wp-block-heading\">Sabrina Schreiner<\/h5>\n\n\n\n<p class=\"has-small-font-size\">Fraunhofer UMSICHT<br><a href=\"mailto:sabrina.schreiner@fraunhofer.umsicht.de\" target=\"_blank\" rel=\"noreferrer noopener\">sabrina.schreiner@fraunhofer.umsicht.de<\/a><\/p>\n<\/div><figure class=\"wp-block-media-text__media\"><img decoding=\"async\" width=\"240\" height=\"240\" src=\"https:\/\/eine-gesellschaftsfrage.de\/wp-content\/uploads\/2024\/02\/schreiner-sabrina-1.jpg\" alt=\"\" class=\"wp-image-1139 size-medium\" srcset=\"https:\/\/eine-gesellschaftsfrage.de\/wp-content\/uploads\/2024\/02\/schreiner-sabrina-1.jpg 240w, https:\/\/eine-gesellschaftsfrage.de\/wp-content\/uploads\/2024\/02\/schreiner-sabrina-1-150x150.jpg 150w\" sizes=\"(max-width: 240px) 100vw, 240px\" \/><\/figure><\/div>\n\n\n\n<div style=\"height:40px\" aria-hidden=\"true\" class=\"wp-block-spacer\"><\/div>\n\n\n\n<div class=\"wp-block-media-text has-media-on-the-right is-stacked-on-mobile\" style=\"grid-template-columns:auto 33%\"><div class=\"wp-block-media-text__content\">\n<h5 class=\"wp-block-heading\">Julia Reinermann<\/h5>\n\n\n\n<p class=\"has-small-font-size\">FernUniversit\u00e4t in Hagen<br><a href=\"mailto:julia.reinermann@fernuni-hagen.de\">julia.reinermann@fernuni-hagen.de<\/a><\/p>\n<\/div><figure class=\"wp-block-media-text__media\"><img decoding=\"async\" width=\"403\" height=\"417\" src=\"https:\/\/eine-gesellschaftsfrage.de\/wp-content\/uploads\/2024\/02\/julia-lena-reinermann-hw.jpg\" alt=\"\" class=\"wp-image-1183 size-medium\" srcset=\"https:\/\/eine-gesellschaftsfrage.de\/wp-content\/uploads\/2024\/02\/julia-lena-reinermann-hw.jpg 403w, https:\/\/eine-gesellschaftsfrage.de\/wp-content\/uploads\/2024\/02\/julia-lena-reinermann-hw-290x300.jpg 290w\" sizes=\"(max-width: 403px) 100vw, 403px\" \/><\/figure><\/div>\n\n\n\n<p class=\"has-text-align-right\" style=\"font-size:11px\">@Fernuniversit\u00e4t Hagen<\/p>\n\n\n\n<div class=\"wp-block-media-text has-media-on-the-right is-stacked-on-mobile\" style=\"grid-template-columns:auto 33%\"><div class=\"wp-block-media-text__content\">\n<h5 class=\"wp-block-heading\">Katharina Wulf<\/h5>\n\n\n\n<p class=\"has-small-font-size\">Energieversorgung Oberhausen AG<br><a href=\"mailto:k.putzik@evo-energie.de\">k.wulf@evo-energie.de<\/a><\/p>\n<\/div><figure class=\"wp-block-media-text__media\"><img decoding=\"async\" width=\"300\" height=\"300\" src=\"https:\/\/eine-gesellschaftsfrage.de\/wp-content\/uploads\/2024\/01\/platzhalter-person-400x400-1-300x300.jpg\" alt=\"\" class=\"wp-image-86 size-medium\" srcset=\"https:\/\/eine-gesellschaftsfrage.de\/wp-content\/uploads\/2024\/01\/platzhalter-person-400x400-1-300x300.jpg 300w, https:\/\/eine-gesellschaftsfrage.de\/wp-content\/uploads\/2024\/01\/platzhalter-person-400x400-1-150x150.jpg 150w, https:\/\/eine-gesellschaftsfrage.de\/wp-content\/uploads\/2024\/01\/platzhalter-person-400x400-1.jpg 400w\" sizes=\"(max-width: 300px) 100vw, 300px\" \/><\/figure><\/div>\n\n\n\n<div style=\"height:40px\" aria-hidden=\"true\" class=\"wp-block-spacer\"><\/div>\n<\/div>\n<\/div>\n\n\n\n<hr class=\"wp-block-separator has-text-color has-cyan-bluish-gray-color has-alpha-channel-opacity has-cyan-bluish-gray-background-color has-background is-style-default\"\/>\n\n\n\n<div class=\"wp-block-columns is-layout-flex wp-container-core-columns-is-layout-9d6595d7 wp-block-columns-is-layout-flex\">\n<div class=\"wp-block-column is-layout-flow wp-block-column-is-layout-flow\" style=\"flex-basis:75%\">\n<h6 class=\"wp-block-heading\" style=\"text-transform:none\">Projektpartner<\/h6>\n\n\n\n<div style=\"height:30px\" aria-hidden=\"true\" class=\"wp-block-spacer\"><\/div>\n\n\n\n<div class=\"wp-block-columns are-vertically-aligned-center is-layout-flex wp-container-core-columns-is-layout-9d6595d7 wp-block-columns-is-layout-flex\">\n<div class=\"wp-block-column is-vertically-aligned-center is-layout-flow wp-block-column-is-layout-flow\" style=\"flex-basis:35%\"><div class=\"wp-block-image\">\n<figure class=\"aligncenter size-full is-resized\"><img decoding=\"async\" width=\"332\" height=\"109\" src=\"https:\/\/eine-gesellschaftsfrage.de\/wp-content\/uploads\/2024\/02\/Fraunhofer-UMSICHT_Logo_335px-2.png\" alt=\"\" class=\"wp-image-493\" style=\"width:174px;height:auto\" srcset=\"https:\/\/eine-gesellschaftsfrage.de\/wp-content\/uploads\/2024\/02\/Fraunhofer-UMSICHT_Logo_335px-2.png 332w, https:\/\/eine-gesellschaftsfrage.de\/wp-content\/uploads\/2024\/02\/Fraunhofer-UMSICHT_Logo_335px-2-300x98.png 300w\" sizes=\"(max-width: 332px) 100vw, 332px\" \/><\/figure>\n<\/div><\/div>\n\n\n\n<div class=\"wp-block-column is-vertically-aligned-center is-layout-flow wp-block-column-is-layout-flow\" style=\"flex-basis:35%\"><div class=\"wp-block-image\">\n<figure class=\"aligncenter size-full is-resized\"><img decoding=\"async\" src=\"https:\/\/eine-gesellschaftsfrage.de\/wp-content\/uploads\/2024\/02\/logo_fernuni_hagen.svg\" alt=\"\" class=\"wp-image-484\" style=\"width:220px;height:auto\"\/><\/figure>\n<\/div><\/div>\n\n\n\n<div class=\"wp-block-column is-vertically-aligned-center is-layout-flow wp-block-column-is-layout-flow\" style=\"flex-basis:30%\"><div class=\"wp-block-image\">\n<figure class=\"aligncenter size-full is-resized\"><img decoding=\"async\" width=\"2000\" height=\"700\" src=\"https:\/\/eine-gesellschaftsfrage.de\/wp-content\/uploads\/2024\/02\/R.png\" alt=\"\" class=\"wp-image-498\" style=\"width:157px;height:auto\" srcset=\"https:\/\/eine-gesellschaftsfrage.de\/wp-content\/uploads\/2024\/02\/R.png 2000w, https:\/\/eine-gesellschaftsfrage.de\/wp-content\/uploads\/2024\/02\/R-300x105.png 300w, https:\/\/eine-gesellschaftsfrage.de\/wp-content\/uploads\/2024\/02\/R-1024x358.png 1024w, https:\/\/eine-gesellschaftsfrage.de\/wp-content\/uploads\/2024\/02\/R-768x269.png 768w, https:\/\/eine-gesellschaftsfrage.de\/wp-content\/uploads\/2024\/02\/R-1536x538.png 1536w\" sizes=\"(max-width: 2000px) 100vw, 2000px\" \/><\/figure>\n<\/div><\/div>\n<\/div>\n<\/div>\n\n\n\n<div class=\"wp-block-column is-layout-flow wp-block-column-is-layout-flow\" style=\"flex-basis:25%\">\n<figure class=\"wp-block-image size-full is-resized\"><img decoding=\"async\" width=\"800\" height=\"663\" src=\"https:\/\/eine-gesellschaftsfrage.de\/wp-content\/uploads\/2026\/02\/BMWE-Logo.png\" alt=\"\" class=\"wp-image-3640\" style=\"aspect-ratio:1.2066430710590799;width:192px;height:auto\" srcset=\"https:\/\/eine-gesellschaftsfrage.de\/wp-content\/uploads\/2026\/02\/BMWE-Logo.png 800w, https:\/\/eine-gesellschaftsfrage.de\/wp-content\/uploads\/2026\/02\/BMWE-Logo-300x249.png 300w, https:\/\/eine-gesellschaftsfrage.de\/wp-content\/uploads\/2026\/02\/BMWE-Logo-768x636.png 768w\" sizes=\"(max-width: 800px) 100vw, 800px\" \/><\/figure>\n<\/div>\n<\/div>\n","protected":false},"excerpt":{"rendered":"<p>Interesse geweckt? Sie m\u00f6chten allgemein mehr \u00fcber das Projekt wissen? Dann melden Sie sich bei uns, um Informationen \u00fcber geplante Workshops und weitere Aktionen zu erhalten. Projektansprechpartner Sie haben Frage oder Anmerkungen? Schreiben Sie gerne eine Mail an die jeweilige&#8230;<\/p>\n","protected":false},"author":3,"featured_media":0,"parent":0,"menu_order":0,"comment_status":"closed","ping_status":"closed","template":"page-fullwidth.php","meta":{"_acf_changed":false,"footnotes":""},"coauthors":[2],"class_list":["post-84","page","type-page","status-publish","hentry"],"acf":[],"_links":{"self":[{"href":"https:\/\/eine-gesellschaftsfrage.de\/oberhausen\/wp-json\/wp\/v2\/pages\/84","targetHints":{"allow":["GET"]}}],"collection":[{"href":"https:\/\/eine-gesellschaftsfrage.de\/oberhausen\/wp-json\/wp\/v2\/pages"}],"about":[{"href":"https:\/\/eine-gesellschaftsfrage.de\/oberhausen\/wp-json\/wp\/v2\/types\/page"}],"author":[{"embeddable":true,"href":"https:\/\/eine-gesellschaftsfrage.de\/oberhausen\/wp-json\/wp\/v2\/users\/3"}],"replies":[{"embeddable":true,"href":"https:\/\/eine-gesellschaftsfrage.de\/oberhausen\/wp-json\/wp\/v2\/comments?post=84"}],"version-history":[{"count":2,"href":"https:\/\/eine-gesellschaftsfrage.de\/oberhausen\/wp-json\/wp\/v2\/pages\/84\/revisions"}],"predecessor-version":[{"id":3163,"href":"https:\/\/eine-gesellschaftsfrage.de\/oberhausen\/wp-json\/wp\/v2\/pages\/84\/revisions\/3163"}],"wp:attachment":[{"href":"https:\/\/eine-gesellschaftsfrage.de\/oberhausen\/wp-json\/wp\/v2\/media?parent=84"}],"wp:term":[{"taxonomy":"author","embeddable":true,"href":"https:\/\/eine-gesellschaftsfrage.de\/oberhausen\/wp-json\/wp\/v2\/coauthors?post=84"}],"curies":[{"name":"wp","href":"https:\/\/api.w.org\/{rel}","templated":true}]}}